{"id":132,"date":"2021-10-21T14:24:16","date_gmt":"2021-10-21T14:24:16","guid":{"rendered":"https:\/\/validthemes.net\/themeforest\/wp\/dustra\/?page_id=132"},"modified":"2025-01-27T23:27:36","modified_gmt":"2025-01-27T20:27:36","slug":"contact","status":"publish","type":"page","link":"https:\/\/sehernuts.com.tr\/?page_id=132","title":{"rendered":"\u0130leti\u015fim"},"content":{"rendered":"\t\t<div data-elementor-type=\"wp-page\" data-elementor-id=\"132\" class=\"elementor elementor-132\">\n\t\t\t\t\t\t\t\t\t<section class=\"elementor-section elementor-top-section elementor-element elementor-element-72b5b68 elementor-section-full_width elementor-section-stretched elementor-section-height-default elementor-section-height-default\" data-id=\"72b5b68\" data-element_type=\"section\" data-settings=\"{&quot;stretch_section&quot;:&quot;section-stretched&quot;}\">\n\t\t\t\t\t\t<div class=\"elementor-container elementor-column-gap-no\">\n\t\t\t\t\t<div class=\"elementor-column elementor-col-100 elementor-top-column elementor-element elementor-element-13fcaa2\" data-id=\"13fcaa2\" data-element_type=\"column\">\n\t\t\t<div class=\"elementor-widget-wrap elementor-element-populated\">\n\t\t\t\t\t\t\t\t<div class=\"elementor-element elementor-element-42a7944 elementor-widget elementor-widget-contact\" data-id=\"42a7944\" data-element_type=\"widget\" data-widget_type=\"contact.default\">\n\t\t\t\t<div class=\"elementor-widget-container\">\n\t\t\t\r\n    <div class=\"contact-area default-padding-top\">\r\n        <div class=\"container\">\r\n            <div class=\"contact-items\">\r\n                <div class=\"row\">\r\n                    \r\n                    <div class=\"col-lg-8 left-item\">\r\n                        <div class=\"content\">\r\n                            <h2>Bize Ula\u015f\u0131n<\/h2>\r\n                            <iframe src=\"https:\/\/www.google.com\/maps\/embed?pb=!1m18!1m12!1m3!1d3194.779318889015!2d34.62522807535009!3d36.79984116772058!2m3!1f0!2f0!3f0!3m2!1i1024!2i768!4f13.1!3m3!1m2!1s0x1527f3a6d81aabf9%3A0xbdd961b4e5eea35e!2sCami%20%C5%9Eerif%2C%20Kuvayi%20Milliye%20Cd.%2C%20Akdeniz%2FMersin!5e0!3m2!1str!2str!4v1702628672693!5m2!1str!2str\" width=\"600\" height=\"450\" style=\"border:0;\" allowfullscreen=\"\" loading=\"lazy\" referrerpolicy=\"no-referrer-when-downgrade\"><\/iframe>                        <\/div>\r\n                    <\/div>\r\n\r\n                    <div class=\"col-lg-4 right-item\">\r\n                    \t\t\r\n\t                        <!-- Single Item -->\r\n\t                        <div class=\"item\">\r\n\t                            <div class=\"icon\">\r\n\t                                \t\t                            \t\t                            \t\t                               <svg aria-hidden=\"true\" class=\"e-font-icon-svg e-fas-map-marker-alt\" viewBox=\"0 0 384 512\" xmlns=\"http:\/\/www.w3.org\/2000\/svg\"><path d=\"M172.268 501.67C26.97 291.031 0 269.413 0 192 0 85.961 85.961 0 192 0s192 85.961 192 192c0 77.413-26.97 99.031-172.268 309.67-9.535 13.774-29.93 13.773-39.464 0zM192 272c44.183 0 80-35.817 80-80s-35.817-80-80-80-80 35.817-80 80 35.817 80 80 80z\"><\/path><\/svg>\t\t                            \t                            <\/div>\r\n\t                            <div class=\"info\">\r\n\t                                <h4>Seher Nuts G\u0131da San. ve Tic. Ltd \u015eti<\/h4>\r\n\t                                <p>\r\n\t                                    <p>Cami\u015ferif Mah. 5209 Sok.<\/p><p>No :1-C <br \/>Akdeniz \/ MERS\u0130N<\/p>\t                                <\/p>\r\n\t                            <\/div>\r\n\t                        <\/div>\r\n\t                        <!-- End Single Item -->\r\n                        \t\r\n\t                        <!-- Single Item -->\r\n\t                        <div class=\"item\">\r\n\t                            <div class=\"icon\">\r\n\t                                \t\t                            \t\t                            \t\t                               <svg aria-hidden=\"true\" class=\"e-font-icon-svg e-fas-phone-alt\" viewBox=\"0 0 512 512\" xmlns=\"http:\/\/www.w3.org\/2000\/svg\"><path d=\"M497.39 361.8l-112-48a24 24 0 0 0-28 6.9l-49.6 60.6A370.66 370.66 0 0 1 130.6 204.11l60.6-49.6a23.94 23.94 0 0 0 6.9-28l-48-112A24.16 24.16 0 0 0 122.6.61l-104 24A24 24 0 0 0 0 48c0 256.5 207.9 464 464 464a24 24 0 0 0 23.4-18.6l24-104a24.29 24.29 0 0 0-14.01-27.6z\"><\/path><\/svg>\t\t                            \t                            <\/div>\r\n\t                            <div class=\"info\">\r\n\t                                <h4>Bize Ula\u015f\u0131n<\/h4>\r\n\t                                <p>\r\n\t                                    <p>+90532\u00a0589\u00a09571<\/p><p>sehernuts@hotmail.com<\/p>\t                                <\/p>\r\n\t                            <\/div>\r\n\t                        <\/div>\r\n\t                        <!-- End Single Item -->\r\n                        \t\r\n\t                        <!-- Single Item -->\r\n\t                        <div class=\"item\">\r\n\t                            <div class=\"icon\">\r\n\t                                \t\t                            \t\t                            \t\t                               <svg aria-hidden=\"true\" class=\"e-font-icon-svg e-fas-envelope\" viewBox=\"0 0 512 512\" xmlns=\"http:\/\/www.w3.org\/2000\/svg\"><path d=\"M502.3 190.8c3.9-3.1 9.7-.2 9.7 4.7V400c0 26.5-21.5 48-48 48H48c-26.5 0-48-21.5-48-48V195.6c0-5 5.7-7.8 9.7-4.7 22.4 17.4 52.1 39.5 154.1 113.6 21.1 15.4 56.7 47.8 92.2 47.6 35.7.3 72-32.8 92.3-47.6 102-74.1 131.6-96.3 154-113.7zM256 320c23.2.4 56.6-29.2 73.4-41.4 132.7-96.3 142.8-104.7 173.4-128.7 5.8-4.5 9.2-11.5 9.2-18.9v-19c0-26.5-21.5-48-48-48H48C21.5 64 0 85.5 0 112v19c0 7.4 3.4 14.3 9.2 18.9 30.6 23.9 40.7 32.4 173.4 128.7 16.8 12.2 50.2 41.8 73.4 41.4z\"><\/path><\/svg>\t\t                            \t                            <\/div>\r\n\t                            <div class=\"info\">\r\n\t                                <h4>Vergi Bilgileri<\/h4>\r\n\t                                <p>\r\n\t                                    <p>V.D. Liman <br \/>618 077 3807<\/p>\t                                <\/p>\r\n\t                            <\/div>\r\n\t                        <\/div>\r\n\t                        <!-- End Single Item -->\r\n                         \r\n                    <\/div>\r\n\r\n                <\/div>\r\n            <\/div>\r\n        <\/div>\r\n    <\/div>\r\n    <!-- End Contact -->\r\n\t\t\t<\/div>\n\t\t\t\t<\/div>\n\t\t\t\t\t<\/div>\n\t\t<\/div>\n\t\t\t\t\t\t\t<\/div>\n\t\t<\/section>\n\t\t\t\t<section class=\"elementor-section elementor-top-section elementor-element elementor-element-601305b elementor-section-full_width elementor-section-stretched elementor-section-height-default elementor-section-height-default\" data-id=\"601305b\" data-element_type=\"section\" data-settings=\"{&quot;stretch_section&quot;:&quot;section-stretched&quot;}\">\n\t\t\t\t\t\t<div class=\"elementor-container elementor-column-gap-no\">\n\t\t\t\t\t<div class=\"elementor-column elementor-col-100 elementor-top-column elementor-element elementor-element-4e83867\" data-id=\"4e83867\" data-element_type=\"column\">\n\t\t\t<div class=\"elementor-widget-wrap\">\n\t\t\t\t\t\t\t\t\t<\/div>\n\t\t<\/div>\n\t\t\t\t\t\t\t<\/div>\n\t\t<\/section>\n\t\t\t\t\t\t\t<\/div>\n\t\t","protected":false},"excerpt":{"rendered":"<p>Bize Ula\u015f\u0131n Seher Nuts G\u0131da San. ve Tic. Ltd \u015eti Cami\u015ferif Mah. 5209 Sok. No :1-C Akdeniz \/ MERS\u0130N Bize Ula\u015f\u0131n +90532\u00a0589\u00a09571 sehernuts@hotmail.com Vergi Bilgileri V.D. Liman 618 077 3807<\/p>\n","protected":false},"author":1,"featured_media":0,"parent":0,"menu_order":0,"comment_status":"closed","ping_status":"closed","template":"page-template\/dustra-template.php","meta":{"footnotes":""},"class_list":["post-132","page","type-page","status-publish","hentry"],"_links":{"self":[{"href":"https:\/\/sehernuts.com.tr\/index.php?rest_route=\/wp\/v2\/pages\/132","targetHints":{"allow":["GET"]}}],"collection":[{"href":"https:\/\/sehernuts.com.tr\/index.php?rest_route=\/wp\/v2\/pages"}],"about":[{"href":"https:\/\/sehernuts.com.tr\/index.php?rest_route=\/wp\/v2\/types\/page"}],"author":[{"embeddable":true,"href":"https:\/\/sehernuts.com.tr\/index.php?rest_route=\/wp\/v2\/users\/1"}],"replies":[{"embeddable":true,"href":"https:\/\/sehernuts.com.tr\/index.php?rest_route=%2Fwp%2Fv2%2Fcomments&post=132"}],"version-history":[{"count":14,"href":"https:\/\/sehernuts.com.tr\/index.php?rest_route=\/wp\/v2\/pages\/132\/revisions"}],"predecessor-version":[{"id":2207,"href":"https:\/\/sehernuts.com.tr\/index.php?rest_route=\/wp\/v2\/pages\/132\/revisions\/2207"}],"wp:attachment":[{"href":"https:\/\/sehernuts.com.tr\/index.php?rest_route=%2Fwp%2Fv2%2Fmedia&parent=132"}],"curies":[{"name":"wp","href":"https:\/\/api.w.org\/{rel}","templated":true}]}}