{"id":1705,"date":"2022-07-08T11:52:01","date_gmt":"2022-07-08T11:52:01","guid":{"rendered":"https:\/\/validthemes.net\/themeforest\/wp\/dustra\/?page_id=1705"},"modified":"2024-06-26T22:00:01","modified_gmt":"2024-06-26T19:00:01","slug":"home-nine","status":"publish","type":"page","link":"https:\/\/sehernuts.com.tr\/","title":{"rendered":"Home"},"content":{"rendered":"\t\t<div data-elementor-type=\"wp-page\" data-elementor-id=\"1705\" class=\"elementor elementor-1705\">\n\t\t\t\t\t\t\t\t\t<section class=\"elementor-section elementor-top-section elementor-element elementor-element-d71a848 elementor-section-full_width elementor-section-stretched elementor-section-height-default elementor-section-height-default\" data-id=\"d71a848\" data-element_type=\"section\" data-settings=\"{&quot;stretch_section&quot;:&quot;section-stretched&quot;}\">\n\t\t\t\t\t\t<div class=\"elementor-container elementor-column-gap-no\">\n\t\t\t\t\t<div class=\"elementor-column elementor-col-100 elementor-top-column elementor-element elementor-element-80c6381\" data-id=\"80c6381\" data-element_type=\"column\">\n\t\t\t<div class=\"elementor-widget-wrap elementor-element-populated\">\n\t\t\t\t\t\t\t\t<div class=\"elementor-element elementor-element-91e1fdd elementor-widget elementor-widget-singlebannerslider\" data-id=\"91e1fdd\" data-element_type=\"widget\" data-widget_type=\"singlebannerslider.default\">\n\t\t\t\t<div class=\"elementor-widget-container\">\n\t\t\t    <!-- Start Banner \r\n    ============================================= -->\r\n    <div class=\"banner-area inc-content shadow car-service-banner bg-fixed default\">\r\n        <div id=\"bootcarousel\" class=\"carousel slide text-light carousel-fade animate_text\" data-ride=\"carousel\">\r\n\r\n            <!-- Wrapper for slides -->\r\n            <div class=\"carousel-inner carousel-zoom\">\r\n            \t                <div class=\"carousel-item active\">\r\n                    <div class=\"slider-thumb bg-cover\" style=\"background-image: url(https:\/\/sehernuts.com.tr\/wp-content\/uploads\/2023\/12\/slider-seher-3.jpg);\"><\/div>\r\n                    <div class=\"box-table\">\r\n                        <div class=\"box-cell\">\r\n                            <div class=\"shape\" data-animation=\"animated slideInDown\" style=\"background-image: url(https:\/\/sehernuts.com.tr\/wp-content\/themes\/sehernuts\/assets\/img\/shape\/15.png);\"><\/div>\r\n                            <div class=\"container\">\r\n                                <div class=\"row\">\r\n                                    <div class=\"col-lg-8\">\r\n                                        <div class=\"content\">\r\n                                            <h2 data-animation=\"animated slideInDown\"><\/h2>\r\n                                            <p data-animation=\"animated slideInRight\">\r\n                                                                                            <\/p>\r\n                                                                                    <\/div>\r\n                                    <\/div>\r\n                                <\/div>\r\n                            <\/div>\r\n                        <\/div>\r\n                    <\/div>\r\n                <\/div>\r\n                                <div class=\"carousel-item \">\r\n                    <div class=\"slider-thumb bg-cover\" style=\"background-image: url(https:\/\/sehernuts.com.tr\/wp-content\/uploads\/2023\/12\/slider-seher-1.jpg);\"><\/div>\r\n                    <div class=\"box-table\">\r\n                        <div class=\"box-cell\">\r\n                            <div class=\"shape\" data-animation=\"animated slideInDown\" style=\"background-image: url(https:\/\/sehernuts.com.tr\/wp-content\/themes\/sehernuts\/assets\/img\/shape\/15.png);\"><\/div>\r\n                            <div class=\"container\">\r\n                                <div class=\"row\">\r\n                                    <div class=\"col-lg-8\">\r\n                                        <div class=\"content\">\r\n                                            <h2 data-animation=\"animated slideInDown\"><\/h2>\r\n                                            <p data-animation=\"animated slideInRight\">\r\n                                                                                            <\/p>\r\n                                                                                    <\/div>\r\n                                    <\/div>\r\n                                <\/div>\r\n                            <\/div>\r\n                        <\/div>\r\n                    <\/div>\r\n                <\/div>\r\n                                <div class=\"carousel-item \">\r\n                    <div class=\"slider-thumb bg-cover\" style=\"background-image: url(https:\/\/sehernuts.com.tr\/wp-content\/uploads\/2023\/12\/slider-seher-2.jpg);\"><\/div>\r\n                    <div class=\"box-table\">\r\n                        <div class=\"box-cell\">\r\n                            <div class=\"shape\" data-animation=\"animated slideInDown\" style=\"background-image: url(https:\/\/sehernuts.com.tr\/wp-content\/themes\/sehernuts\/assets\/img\/shape\/15.png);\"><\/div>\r\n                            <div class=\"container\">\r\n                                <div class=\"row\">\r\n                                    <div class=\"col-lg-8\">\r\n                                        <div class=\"content\">\r\n                                            <h2 data-animation=\"animated slideInDown\"><\/h2>\r\n                                            <p data-animation=\"animated slideInRight\">\r\n                                                                                            <\/p>\r\n                                                                                    <\/div>\r\n                                    <\/div>\r\n                                <\/div>\r\n                            <\/div>\r\n                        <\/div>\r\n                    <\/div>\r\n                <\/div>\r\n                               \r\n            <\/div>\r\n            <!-- End Wrapper for slides -->\r\n\r\n            <!-- Left and right controls -->\r\n            <a class=\"left carousel-control theme\" href=\"#bootcarousel\" data-slide=\"prev\">\r\n                <i class=\"fal fa-long-arrow-left\"><\/i>\r\n                <span class=\"sr-only\">Previous<<\/span>\r\n            <\/a>\r\n            <a class=\"right carousel-control theme\" href=\"#bootcarousel\" data-slide=\"next\">\r\n                <i class=\"fal fa-long-arrow-right\"><\/i>\r\n                <span class=\"sr-only\">Next<\/span>\r\n            <\/a>\r\n\r\n        <\/div>\r\n    <\/div>\r\n    <!-- End Banner -->\r\n    \t\t<\/div>\n\t\t\t\t<\/div>\n\t\t\t\t\t<\/div>\n\t\t<\/div>\n\t\t\t\t\t\t\t<\/div>\n\t\t<\/section>\n\t\t\t\t<section class=\"elementor-section elementor-top-section elementor-element elementor-element-b034f39 elementor-section-full_width elementor-section-stretched elementor-section-height-default elementor-section-height-default\" data-id=\"b034f39\" data-element_type=\"section\" data-settings=\"{&quot;stretch_section&quot;:&quot;section-stretched&quot;}\">\n\t\t\t\t\t\t<div class=\"elementor-container elementor-column-gap-no\">\n\t\t\t\t\t<div class=\"elementor-column elementor-col-100 elementor-top-column elementor-element elementor-element-81b0905\" data-id=\"81b0905\" data-element_type=\"column\">\n\t\t\t<div class=\"elementor-widget-wrap elementor-element-populated\">\n\t\t\t\t\t\t\t\t<div class=\"elementor-element elementor-element-63b8319 elementor-widget elementor-widget-about\" data-id=\"63b8319\" data-element_type=\"widget\" data-widget_type=\"about.default\">\n\t\t\t\t<div class=\"elementor-widget-container\">\n\t\t\t\t<!-- Start About\r\n    ============================================= -->\r\n    <div class=\"about-style-five-area\">\r\n        <div class=\"container\">\r\n            <div class=\"row align-center\">\r\n            \t                <div class=\"about-style-five col-lg-5\">\r\n                    <div class=\"thumb\">\r\n                        <img decoding=\"async\" src=\"https:\/\/sehernuts.com.tr\/wp-content\/uploads\/2023\/12\/SEHER-NUTS.jpg\" alt=\"dustra\">\r\n                    <\/div>\r\n                <\/div>\r\n                                <div class=\"about-style-five col-lg-6 offset-lg-1\">\r\n                    <h4>HAKKIMIZDA<\/h4>\r\n                    <h2> D\u00fcnyaya Tazelik ve Lezzet Ta\u015f\u0131yoruz.<\/h2>\r\n                     <blockquote>Her bir \u00fcr\u00fcn\u00fcm\u00fcz, do\u011fall\u0131\u011f\u0131n ve tazeli\u011fin bir simgesi olarak sizlere ula\u015fmak i\u00e7in \u00f6zenle se\u00e7ilip i\u015flenmektedir.<\/blockquote>\nD\u00fcnya \u00e7ap\u0131nda bir ithalat ve ihracat a\u011f\u0131na sahip olan firmam\u0131z, uluslararas\u0131 pazarlarda kalite ve g\u00fcvenin ad\u0131 olmu\u015ftur. Seher Nuts, her bir \u00fcr\u00fcn\u00fcn\u00fc siz de\u011ferli m\u00fc\u015fterilerimize sunarken, sadece lezzet de\u011fil, ayn\u0131 zamanda sa\u011fl\u0131k ve do\u011fall\u0131\u011f\u0131 da \u00f6n planda tutmaktad\u0131r. Bizler, t\u00fcketicilerimize en iyi kabuklu yemi\u015fleri sunmak i\u00e7in s\u00fcrekli olarak yenilik\u00e7i yakla\u015f\u0131mlar geli\u015ftirmekte ve s\u00fcrd\u00fcr\u00fclebilir tar\u0131m uygulamalar\u0131n\u0131 desteklemekteyiz.                    <ul>\r\n                    \t                        <li>\r\n                                                    \t                                                            <img decoding=\"async\" src=\"https:\/\/validthemes.net\/themeforest\/wp\/dustra\/wp-content\/uploads\/2022\/07\/cashback.png\">\r\n                                                        <div class=\"content\">\r\n                                <h5>%100 <br>\nOrganik<\/h5>\r\n                            <\/div>\r\n                        <\/li>\r\n                    \t                        <li>\r\n                                                    \t                                                            <img decoding=\"async\" src=\"https:\/\/sehernuts.com.tr\/wp-content\/uploads\/2022\/07\/planet-earth.png\">\r\n                                                        <div class=\"content\">\r\n                                <h5>Her Zaman<br>\nTaze<\/h5>\r\n                            <\/div>\r\n                        <\/li>\r\n                    \t                    <\/ul>\r\n                                        \t<a class=\"btn btn-dark theme btn-md\" href=\"https:\/\/sehernuts.com.tr\/?page_id=199\">Hakk\u0131m\u0131zda<\/a>\r\n                                    <\/div>\r\n            <\/div>\r\n        <\/div>\r\n    <\/div>\r\n    <!-- End About -->\r\n    \t\t<\/div>\n\t\t\t\t<\/div>\n\t\t\t\t\t<\/div>\n\t\t<\/div>\n\t\t\t\t\t\t\t<\/div>\n\t\t<\/section>\n\t\t\t\t<section class=\"elementor-section elementor-top-section elementor-element elementor-element-4764050 elementor-section-full_width elementor-section-stretched bg-gray elementor-section-height-default elementor-section-height-default\" data-id=\"4764050\" data-element_type=\"section\" data-settings=\"{&quot;stretch_section&quot;:&quot;section-stretched&quot;}\">\n\t\t\t\t\t\t<div class=\"elementor-container elementor-column-gap-no\">\n\t\t\t\t\t<div class=\"elementor-column elementor-col-100 elementor-top-column elementor-element elementor-element-110e4a1\" data-id=\"110e4a1\" data-element_type=\"column\">\n\t\t\t<div class=\"elementor-widget-wrap elementor-element-populated\">\n\t\t\t\t\t\t\t\t<div class=\"elementor-element elementor-element-7041026 elementor-widget elementor-widget-services\" data-id=\"7041026\" data-element_type=\"widget\" data-widget_type=\"services.default\">\n\t\t\t\t<div class=\"elementor-widget-container\">\n\t\t\t\t\t<!-- Start Services \r\n\t    ============================================= -->\r\n\t    <div class=\"car-services-area bg-gray default-padding\" style=\"background-image: url(https:\/\/sehernuts.com.tr\/wp-content\/themes\/sehernuts\/assets\/img\/shape\/pattern.png);\">\r\n\t        <div class=\"container\">\r\n\t            \t\t            <div class=\"row\">\r\n\t\t                <div class=\"col-lg-8 offset-lg-2\">\r\n\t\t                    <div class=\"site-heading text-center\">\r\n\t\t                        \t\t                        \t<h4>SEHER NUTS<\/h4>\r\n\t\t                    \t\t\t                    \t\t\t                        \t<h2>\u00dcR\u00dcNLER\u0130M\u0130Z<\/h2>\r\n\t\t                        \t\t\t\t\t\t\t\t\t\t                    <\/div>\r\n\t\t                <\/div>\r\n\t\t            <\/div>\r\n\t\t        \t            <div class=\"services-box text-light\">\r\n\t                <div class=\"row\">\r\n\t                    <div class=\"col-lg-4\">\r\n\t                        <div class=\"heading\">\r\n\t                            <h2>\u00a0<\/h2><h1><strong>\u00dcr\u00fcnlerimiz<\/strong><\/h1>\t                            \t\t                            <ul>\r\n\t\t                            \t\t\t                                \t<li> <span class=\"float-right\"> <\/span><\/li>\r\n\t\t                            \t\t\t                            <\/ul>\r\n\t                        \t\t                            \t                            \t                        <\/div>\r\n\t                    <\/div>\r\n\t                    <div class=\"col-lg-8\">\r\n\t                        <div class=\"car-ser-carousel owl-carousel owl-theme\">\r\n\t                        \t\t                            <!-- Single Item -->\r\n\t                            <div class=\"single-item\" style=\"background-image: url(https:\/\/sehernuts.com.tr\/wp-content\/uploads\/2025\/03\/yerfistik.jpg);\">\r\n\t                                <h4>\r\n\t\t\t                            <a href=\"https:\/\/sehernuts.com.tr\/?dustra-service=yer-fistigi\">Yer F\u0131st\u0131\u011f\u0131<\/a>\r\n\t\t\t                        <\/h4>\r\n\t\t                            <p>\r\n\t\t                            \t\u00dcr\u00fcn A\u00e7\u0131klamas\u0131: Seher Nuts olarak, d\u00fcnyan\u0131n d\u00f6rt bir yan\u0131na en taze ve lezzetli yer f\u0131st\u0131klar\u0131n\u0131 sunuyoruz. Do\u011fal aromas\u0131 ve sa\u011fl\u0131k\t\t                            <\/p>\r\n\t                                <a href=\"https:\/\/sehernuts.com.tr\/?dustra-service=yer-fistigi\">Devam\u0131 <i class=\"fas fa-angle-right\"><\/i><\/a>\r\n\t                            <\/div>\r\n\t                            <!-- End Single Item -->\r\n\t                            \t                            <!-- Single Item -->\r\n\t                            <div class=\"single-item\" style=\"background-image: url(https:\/\/sehernuts.com.tr\/wp-content\/uploads\/2025\/03\/kuruuzum.jpg);\">\r\n\t                                <h4>\r\n\t\t\t                            <a href=\"https:\/\/sehernuts.com.tr\/?dustra-service=kuru-uzum\">Kuru \u00dcz\u00fcm<\/a>\r\n\t\t\t                        <\/h4>\r\n\t\t                            <p>\r\n\t\t                            \t\u00dcr\u00fcn A\u00e7\u0131klamas\u0131: Seher Nuts olarak, d\u00fcnyan\u0131n d\u00f6rt bir yan\u0131na en taze ve lezzetli kuru \u00fcz\u00fcmleri sunuyoruz. Do\u011fal tatl\u0131l\u0131\u011f\u0131 ve sa\u011fl\u0131k\t\t                            <\/p>\r\n\t                                <a href=\"https:\/\/sehernuts.com.tr\/?dustra-service=kuru-uzum\">Devam\u0131 <i class=\"fas fa-angle-right\"><\/i><\/a>\r\n\t                            <\/div>\r\n\t                            <!-- End Single Item -->\r\n\t                            \t                            <!-- Single Item -->\r\n\t                            <div class=\"single-item\" style=\"background-image: url(https:\/\/sehernuts.com.tr\/wp-content\/uploads\/2025\/03\/kurukaysi.jpg);\">\r\n\t                                <h4>\r\n\t\t\t                            <a href=\"https:\/\/sehernuts.com.tr\/?dustra-service=kuru-kaysi\">Kuru Kays\u0131<\/a>\r\n\t\t\t                        <\/h4>\r\n\t\t                            <p>\r\n\t\t                            \t\u00dcr\u00fcn A\u00e7\u0131klamas\u0131: Seher Nuts olarak, d\u00fcnyan\u0131n d\u00f6rt bir yan\u0131na en taze ve lezzetli kuru kay\u0131s\u0131lar\u0131 sunuyoruz. Do\u011fal tatl\u0131l\u0131\u011f\u0131 ve sa\u011fl\u0131k\t\t                            <\/p>\r\n\t                                <a href=\"https:\/\/sehernuts.com.tr\/?dustra-service=kuru-kaysi\">Devam\u0131 <i class=\"fas fa-angle-right\"><\/i><\/a>\r\n\t                            <\/div>\r\n\t                            <!-- End Single Item -->\r\n\t                            \t                            <!-- Single Item -->\r\n\t                            <div class=\"single-item\" style=\"background-image: url(https:\/\/sehernuts.com.tr\/wp-content\/uploads\/2025\/03\/findd.jpg);\">\r\n\t                                <h4>\r\n\t\t\t                            <a href=\"https:\/\/sehernuts.com.tr\/?dustra-service=findik\">F\u0131nd\u0131k<\/a>\r\n\t\t\t                        <\/h4>\r\n\t\t                            <p>\r\n\t\t                            \t\u00dcr\u00fcn A\u00e7\u0131klamas\u0131: Seher Nuts olarak, d\u00fcnyan\u0131n d\u00f6rt bir yan\u0131na en taze ve lezzetli f\u0131nd\u0131klar\u0131 sunuyoruz. Do\u011fal aromas\u0131 ve sa\u011fl\u0131k faydalar\u0131yla\t\t                            <\/p>\r\n\t                                <a href=\"https:\/\/sehernuts.com.tr\/?dustra-service=findik\">Devam\u0131 <i class=\"fas fa-angle-right\"><\/i><\/a>\r\n\t                            <\/div>\r\n\t                            <!-- End Single Item -->\r\n\t                            \t                        <\/div>\r\n\t                    <\/div>\r\n\t                <\/div>\r\n\t            <\/div>\r\n\t        <\/div>\r\n\t    <\/div>\r\n\t    <!-- End Services -->\r\n\t\t\t<\/div>\n\t\t\t\t<\/div>\n\t\t\t\t\t<\/div>\n\t\t<\/div>\n\t\t\t\t\t\t\t<\/div>\n\t\t<\/section>\n\t\t\t\t\t\t\t<\/div>\n\t\t","protected":false},"excerpt":{"rendered":"<p>Previous< Next HAKKIMIZDA D\u00fcnyaya Tazelik ve Lezzet Ta\u015f\u0131yoruz. Her bir \u00fcr\u00fcn\u00fcm\u00fcz, do\u011fall\u0131\u011f\u0131n ve tazeli\u011fin bir simgesi olarak sizlere ula\u015fmak i\u00e7in \u00f6zenle se\u00e7ilip i\u015flenmektedir. D\u00fcnya \u00e7ap\u0131nda bir ithalat ve ihracat a\u011f\u0131na sahip olan firmam\u0131z, uluslararas\u0131 pazarlarda kalite ve g\u00fcvenin ad\u0131 olmu\u015ftur. Seher Nuts, her bir \u00fcr\u00fcn\u00fcn\u00fc siz de\u011ferli m\u00fc\u015fterilerimize sunarken, sadece lezzet de\u011fil, ayn\u0131 zamanda sa\u011fl\u0131k [&hellip;]\n<\/p>\n","protected":false},"author":1,"featured_media":0,"parent":0,"menu_order":0,"comment_status":"closed","ping_status":"closed","template":"elementor_header_footer","meta":{"footnotes":""},"class_list":["post-1705","page","type-page","status-publish","hentry"],"_links":{"self":[{"href":"https:\/\/sehernuts.com.tr\/index.php?rest_route=\/wp\/v2\/pages\/1705","targetHints":{"allow":["GET"]}}],"collection":[{"href":"https:\/\/sehernuts.com.tr\/index.php?rest_route=\/wp\/v2\/pages"}],"about":[{"href":"https:\/\/sehernuts.com.tr\/index.php?rest_route=\/wp\/v2\/types\/page"}],"author":[{"embeddable":true,"href":"https:\/\/sehernuts.com.tr\/index.php?rest_route=\/wp\/v2\/users\/1"}],"replies":[{"embeddable":true,"href":"https:\/\/sehernuts.com.tr\/index.php?rest_route=%2Fwp%2Fv2%2Fcomments&post=1705"}],"version-history":[{"count":66,"href":"https:\/\/sehernuts.com.tr\/index.php?rest_route=\/wp\/v2\/pages\/1705\/revisions"}],"predecessor-version":[{"id":2200,"href":"https:\/\/sehernuts.com.tr\/index.php?rest_route=\/wp\/v2\/pages\/1705\/revisions\/2200"}],"wp:attachment":[{"href":"https:\/\/sehernuts.com.tr\/index.php?rest_route=%2Fwp%2Fv2%2Fmedia&parent=1705"}],"curies":[{"name":"wp","href":"https:\/\/api.w.org\/{rel}","templated":true}]}}