{"id":199,"date":"2021-10-23T14:46:05","date_gmt":"2021-10-23T14:46:05","guid":{"rendered":"https:\/\/validthemes.net\/themeforest\/wp\/dustra\/?page_id=199"},"modified":"2023-12-15T11:33:37","modified_gmt":"2023-12-15T08:33:37","slug":"about-us","status":"publish","type":"page","link":"https:\/\/sehernuts.com.tr\/?page_id=199","title":{"rendered":"Hakk\u0131m\u0131zda"},"content":{"rendered":"\t\t<div data-elementor-type=\"wp-page\" data-elementor-id=\"199\" class=\"elementor elementor-199\">\n\t\t\t\t\t\t\t\t\t<section class=\"elementor-section elementor-top-section elementor-element elementor-element-d2e76d4 elementor-section-full_width elementor-section-stretched elementor-section-height-default elementor-section-height-default\" data-id=\"d2e76d4\" data-element_type=\"section\" data-settings=\"{&quot;stretch_section&quot;:&quot;section-stretched&quot;}\">\n\t\t\t\t\t\t<div class=\"elementor-container elementor-column-gap-no\">\n\t\t\t\t\t<div class=\"elementor-column elementor-col-100 elementor-top-column elementor-element elementor-element-4b8534a\" data-id=\"4b8534a\" data-element_type=\"column\">\n\t\t\t<div class=\"elementor-widget-wrap elementor-element-populated\">\n\t\t\t\t\t\t\t\t<div class=\"elementor-element elementor-element-7dc233c elementor-widget elementor-widget-about\" data-id=\"7dc233c\" data-element_type=\"widget\" data-widget_type=\"about.default\">\n\t\t\t\t<div class=\"elementor-widget-container\">\n\t\t\t    <!-- Start Our About\r\n    ============================================= -->\r\n    <div class=\"about-area overflow-hidden shape-box default-padding\" >\r\n    \t <!-- Fixed Shape -->\r\n        <div class=\"fixed-shape\">\r\n            <img decoding=\"async\" src=\"https:\/\/sehernuts.com.tr\/wp-content\/themes\/sehernuts\/assets\/img\/shape\/1.png\" alt=\"dustra\">\r\n        <\/div>\r\n        <!-- End Fixed Shape -->\r\n        <div class=\"container\">\r\n            <div class=\"about-box\">\r\n                <div class=\"row align-center\">\r\n                    <div class=\"col-lg-6 thumb-left\">\r\n                        <div class=\"thumb\">\r\n                        \t                        \t\t<img decoding=\"async\" class=\"item-mousemove\" src=\"https:\/\/sehernuts.com.tr\/wp-content\/uploads\/2023\/12\/SEHERNUTS-LOGO-1.png\" alt=\"dustra\">\r\n                            \t\t\r\n                           \r\n                                                        <div class=\"experiecne\">\r\n                                <h2><\/h2>\r\n                                <h5>   <\/h5>\r\n                            <\/div>\r\n                                                    <\/div>\r\n                    <\/div>\r\n                    <div class=\"col-lg-6 info\">\r\n                        <h2>Hakk\u0131m\u0131zda<\/h2>\nSeher Nuts olarak, do\u011fan\u0131n en saf hallerini sofralar\u0131n\u0131za getiriyoruz. Geleneksel lezzetler ve modern i\u015fleme tekniklerini bir araya getirerek, kabuklu cevizden i\u00e7 cevize, bademden kabak \u00e7ekirde\u011fine, siyah ay\u00e7ekirde\u011finden kajuya kadar geni\u015f bir yelpazede y\u00fcksek kaliteli \u00fcr\u00fcnler sunuyoruz. Her bir \u00fcr\u00fcn\u00fcm\u00fcz, do\u011fall\u0131\u011f\u0131n ve tazeli\u011fin bir simgesi olarak sizlere ula\u015fmak i\u00e7in \u00f6zenle se\u00e7ilip i\u015flenmektedir.\nD\u00fcnya \u00e7ap\u0131nda bir ithalat ve ihracat a\u011f\u0131na sahip olan firmam\u0131z, uluslararas\u0131 pazarlarda kalite ve g\u00fcvenin ad\u0131 olmu\u015ftur.\n<\/br><\/br>\n Seher Nuts, her bir \u00fcr\u00fcn\u00fcn\u00fc siz de\u011ferli m\u00fc\u015fterilerimize sunarken, sadece lezzet de\u011fil, ayn\u0131 zamanda sa\u011fl\u0131k ve do\u011fall\u0131\u011f\u0131 da \u00f6n planda tutmaktad\u0131r. Bizler, t\u00fcketicilerimize en iyi kabuklu yemi\u015fleri sunmak i\u00e7in s\u00fcrekli olarak yenilik\u00e7i yakla\u015f\u0131mlar geli\u015ftirmekte ve s\u00fcrd\u00fcr\u00fclebilir tar\u0131m uygulamalar\u0131n\u0131 desteklemekteyiz.                        <div class=\"bottom\">\r\n                        \t                            <div class=\"call\">\r\n                                <div class=\"icon\">\r\n                                \t<a href=\"tel:+90532\u00a0589\u00a09571\">\r\n                                                                                <i class=\"flaticon-telephone\"><\/i>\r\n                                    \t                                    \t                                        <div class=\"contact\">\r\n                                            <h4>+9 0532\u00a0589\u00a09571<\/h4>\r\n                                            <span>Bize Ula\u015f\u0131n<\/span>\r\n                                        <\/div>\r\n                                    <\/a>\r\n                                <\/div>\r\n                            <\/div>\r\n                                                        \t                            <div class=\"button\">\r\n\t                                <a class=\"btn btn-theme effect btn-md\" href=\"https:\/\/sehernuts.com.tr\/?page_id=132\">Bize Ula\u015f\u0131n<\/a>\r\n\t                            <\/div>\r\n                        \t                        <\/div>\r\n                    <\/div>\r\n                <\/div>\r\n            <\/div>\r\n        <\/div>\r\n    <\/div>\r\n    <!-- End Our About -->\r\n\r\n\t\t\t<\/div>\n\t\t\t\t<\/div>\n\t\t\t\t\t<\/div>\n\t\t<\/div>\n\t\t\t\t\t\t\t<\/div>\n\t\t<\/section>\n\t\t\t\t\t\t\t<\/div>\n\t\t","protected":false},"excerpt":{"rendered":"<p>Hakk\u0131m\u0131zda Seher Nuts olarak, do\u011fan\u0131n en saf hallerini sofralar\u0131n\u0131za getiriyoruz. Geleneksel lezzetler ve modern i\u015fleme tekniklerini bir araya getirerek, kabuklu cevizden i\u00e7 cevize, bademden kabak \u00e7ekirde\u011fine, siyah ay\u00e7ekirde\u011finden kajuya kadar geni\u015f bir yelpazede y\u00fcksek kaliteli \u00fcr\u00fcnler sunuyoruz. Her bir \u00fcr\u00fcn\u00fcm\u00fcz, do\u011fall\u0131\u011f\u0131n ve tazeli\u011fin bir simgesi olarak sizlere ula\u015fmak i\u00e7in \u00f6zenle se\u00e7ilip i\u015flenmektedir. D\u00fcnya \u00e7ap\u0131nda bir [&hellip;]<\/p>\n","protected":false},"author":1,"featured_media":0,"parent":0,"menu_order":0,"comment_status":"closed","ping_status":"closed","template":"page-template\/dustra-template.php","meta":{"footnotes":""},"class_list":["post-199","page","type-page","status-publish","hentry"],"_links":{"self":[{"href":"https:\/\/sehernuts.com.tr\/index.php?rest_route=\/wp\/v2\/pages\/199","targetHints":{"allow":["GET"]}}],"collection":[{"href":"https:\/\/sehernuts.com.tr\/index.php?rest_route=\/wp\/v2\/pages"}],"about":[{"href":"https:\/\/sehernuts.com.tr\/index.php?rest_route=\/wp\/v2\/types\/page"}],"author":[{"embeddable":true,"href":"https:\/\/sehernuts.com.tr\/index.php?rest_route=\/wp\/v2\/users\/1"}],"replies":[{"embeddable":true,"href":"https:\/\/sehernuts.com.tr\/index.php?rest_route=%2Fwp%2Fv2%2Fcomments&post=199"}],"version-history":[{"count":18,"href":"https:\/\/sehernuts.com.tr\/index.php?rest_route=\/wp\/v2\/pages\/199\/revisions"}],"predecessor-version":[{"id":2189,"href":"https:\/\/sehernuts.com.tr\/index.php?rest_route=\/wp\/v2\/pages\/199\/revisions\/2189"}],"wp:attachment":[{"href":"https:\/\/sehernuts.com.tr\/index.php?rest_route=%2Fwp%2Fv2%2Fmedia&parent=199"}],"curies":[{"name":"wp","href":"https:\/\/api.w.org\/{rel}","templated":true}]}}