{"id":2125,"date":"2023-12-15T09:57:36","date_gmt":"2023-12-15T06:57:36","guid":{"rendered":"https:\/\/sehernuts.com.tr\/?page_id=2125"},"modified":"2023-12-15T11:34:14","modified_gmt":"2023-12-15T08:34:14","slug":"antrepo","status":"publish","type":"page","link":"https:\/\/sehernuts.com.tr\/?page_id=2125","title":{"rendered":"Antrepo Hizmetleri"},"content":{"rendered":"\t\t<div data-elementor-type=\"wp-page\" data-elementor-id=\"2125\" class=\"elementor elementor-2125\">\n\t\t\t\t\t\t\t\t\t<section class=\"elementor-section elementor-top-section elementor-element elementor-element-3294edd2 elementor-section-full_width elementor-section-stretched elementor-section-height-default elementor-section-height-default\" data-id=\"3294edd2\" data-element_type=\"section\" data-settings=\"{&quot;stretch_section&quot;:&quot;section-stretched&quot;}\">\n\t\t\t\t\t\t<div class=\"elementor-container elementor-column-gap-no\">\n\t\t\t\t\t<div class=\"elementor-column elementor-col-100 elementor-top-column elementor-element elementor-element-ef88d5d\" data-id=\"ef88d5d\" data-element_type=\"column\">\n\t\t\t<div class=\"elementor-widget-wrap elementor-element-populated\">\n\t\t\t\t\t\t\t\t<div class=\"elementor-element elementor-element-392331c7 elementor-widget elementor-widget-about\" data-id=\"392331c7\" data-element_type=\"widget\" data-widget_type=\"about.default\">\n\t\t\t\t<div class=\"elementor-widget-container\">\n\t\t\t    <!-- Start Our About\r\n    ============================================= -->\r\n    <div class=\"about-area overflow-hidden shape-box default-padding\" >\r\n    \t <!-- Fixed Shape -->\r\n        <div class=\"fixed-shape\">\r\n            <img decoding=\"async\" src=\"https:\/\/sehernuts.com.tr\/wp-content\/themes\/sehernuts\/assets\/img\/shape\/1.png\" alt=\"dustra\">\r\n        <\/div>\r\n        <!-- End Fixed Shape -->\r\n        <div class=\"container\">\r\n            <div class=\"about-box\">\r\n                <div class=\"row align-center\">\r\n                    <div class=\"col-lg-6 thumb-left\">\r\n                        <div class=\"thumb\">\r\n                        \t                        \t\t<img decoding=\"async\" class=\"item-mousemove\" src=\"https:\/\/sehernuts.com.tr\/wp-content\/uploads\/2023\/12\/antrepo-mersin.jpg\" alt=\"dustra\">\r\n                            \t\t\r\n                           \r\n                                                        <div class=\"experiecne\">\r\n                                <h2><\/h2>\r\n                                <h5>   <\/h5>\r\n                            <\/div>\r\n                                                    <\/div>\r\n                    <\/div>\r\n                    <div class=\"col-lg-6 info\">\r\n                        <h2>Antrepo Hizmetleri<\/h2>\nSeher Nuts olarak, M\u00fc\u015fterilerimizin ihtiya\u00e7lar\u0131na odaklanarak, y\u00fcksek standartlarda antrepo hizmetleri sunuyoruz.\n\nUzman ekibimiz, her t\u00fcrl\u00fc depolama ihtiyac\u0131n\u0131za \u00f6zel \u00e7\u00f6z\u00fcmler \u00fcretmek i\u00e7in burada. G\u00fcmr\u00fckl\u00fc depolama alanlar\u0131m\u0131zda, ithalat ve ihracat i\u015flemleriniz i\u00e7in gerekli t\u00fcm i\u015flemleri kolayl\u0131kla halledebilirsiniz\n<ul>\n \t<li>Modern tesis ve son teknoloji ekipmanlar<\/li>\n \t<li>%100 M\u00fc\u015fter\nMemnuniyeti<\/li>\n \t<li>Y\u00fcksek standartlarda antrepo hizmeti<\/li>\n<\/ul>                        <div class=\"bottom\">\r\n                        \t                            <div class=\"call\">\r\n                                <div class=\"icon\">\r\n                                \t<a href=\"tel:+90532\u00a0589\u00a09571\">\r\n                                                                                <i class=\"flaticon-telephone\"><\/i>\r\n                                    \t                                    \t                                        <div class=\"contact\">\r\n                                            <h4>+9 0532\u00a0589\u00a09571<\/h4>\r\n                                            <span>Bize Ula\u015f\u0131n<\/span>\r\n                                        <\/div>\r\n                                    <\/a>\r\n                                <\/div>\r\n                            <\/div>\r\n                                                        \t                            <div class=\"button\">\r\n\t                                <a class=\"btn btn-theme effect btn-md\" href=\"https:\/\/sehernuts.com.tr\/?page_id=199\">Hakk\u0131m\u0131zda<\/a>\r\n\t                            <\/div>\r\n                        \t                        <\/div>\r\n                    <\/div>\r\n                <\/div>\r\n            <\/div>\r\n        <\/div>\r\n    <\/div>\r\n    <!-- End Our About -->\r\n\r\n\t\t\t<\/div>\n\t\t\t\t<\/div>\n\t\t\t\t\t<\/div>\n\t\t<\/div>\n\t\t\t\t\t\t\t<\/div>\n\t\t<\/section>\n\t\t\t\t\t\t\t<\/div>\n\t\t","protected":false},"excerpt":{"rendered":"<p>Antrepo Hizmetleri Seher Nuts olarak, M\u00fc\u015fterilerimizin ihtiya\u00e7lar\u0131na odaklanarak, y\u00fcksek standartlarda antrepo hizmetleri sunuyoruz. Uzman ekibimiz, her t\u00fcrl\u00fc depolama ihtiyac\u0131n\u0131za \u00f6zel \u00e7\u00f6z\u00fcmler \u00fcretmek i\u00e7in burada. G\u00fcmr\u00fckl\u00fc depolama alanlar\u0131m\u0131zda, ithalat ve ihracat i\u015flemleriniz i\u00e7in gerekli t\u00fcm i\u015flemleri kolayl\u0131kla halledebilirsiniz Modern tesis ve son teknoloji ekipmanlar %100 M\u00fc\u015fter Memnuniyeti Y\u00fcksek standartlarda antrepo hizmeti +9 0532\u00a0589\u00a09571 Bize Ula\u015f\u0131n Hakk\u0131m\u0131zda<\/p>\n","protected":false},"author":1,"featured_media":0,"parent":0,"menu_order":0,"comment_status":"closed","ping_status":"closed","template":"","meta":{"footnotes":""},"class_list":["post-2125","page","type-page","status-publish","hentry"],"_links":{"self":[{"href":"https:\/\/sehernuts.com.tr\/index.php?rest_route=\/wp\/v2\/pages\/2125","targetHints":{"allow":["GET"]}}],"collection":[{"href":"https:\/\/sehernuts.com.tr\/index.php?rest_route=\/wp\/v2\/pages"}],"about":[{"href":"https:\/\/sehernuts.com.tr\/index.php?rest_route=\/wp\/v2\/types\/page"}],"author":[{"embeddable":true,"href":"https:\/\/sehernuts.com.tr\/index.php?rest_route=\/wp\/v2\/users\/1"}],"replies":[{"embeddable":true,"href":"https:\/\/sehernuts.com.tr\/index.php?rest_route=%2Fwp%2Fv2%2Fcomments&post=2125"}],"version-history":[{"count":8,"href":"https:\/\/sehernuts.com.tr\/index.php?rest_route=\/wp\/v2\/pages\/2125\/revisions"}],"predecessor-version":[{"id":2192,"href":"https:\/\/sehernuts.com.tr\/index.php?rest_route=\/wp\/v2\/pages\/2125\/revisions\/2192"}],"wp:attachment":[{"href":"https:\/\/sehernuts.com.tr\/index.php?rest_route=%2Fwp%2Fv2%2Fmedia&parent=2125"}],"curies":[{"name":"wp","href":"https:\/\/api.w.org\/{rel}","templated":true}]}}